{"id":2532,"date":"2023-01-29T16:57:43","date_gmt":"2023-01-29T15:57:43","guid":{"rendered":"https:\/\/booking-santafe.digitalcards.cloud\/?page_id=2532"},"modified":"2024-03-11T18:26:48","modified_gmt":"2024-03-11T17:26:48","slug":"impressum","status":"publish","type":"page","link":"https:\/\/booking-santafe.digitalcards.cloud\/it\/impressum\/","title":{"rendered":"Impressum"},"content":{"rendered":"<div data-elementor-type=\"wp-page\" data-elementor-id=\"2532\" class=\"elementor elementor-2532\" data-elementor-post-type=\"page\">\n\t\t\t\t\t\t<section class=\"elementor-section elementor-top-section elementor-element elementor-element-a0f2460 elementor-section-full_width elementor-section-height-min-height elementor-section-height-default elementor-section-items-middle\" data-id=\"a0f2460\" data-element_type=\"section\" data-e-type=\"section\">\n\t\t\t\t\t\t<div class=\"elementor-container elementor-column-gap-no\">\n\t\t\t\t\t<div class=\"elementor-column elementor-col-100 elementor-top-column elementor-element elementor-element-b818710\" data-id=\"b818710\" data-element_type=\"column\" data-e-type=\"column\">\n\t\t\t<div class=\"elementor-widget-wrap elementor-element-populated\">\n\t\t\t\t\t\t<div class=\"elementor-element elementor-element-4d05ce2 elementor-widget elementor-widget-image\" data-id=\"4d05ce2\" data-element_type=\"widget\" data-e-type=\"widget\" data-widget_type=\"image.default\">\n\t\t\t\t<div class=\"elementor-widget-container\">\n\t\t\t\t\t\t\t\t\t\t\t\t\t\t\t<img fetchpriority=\"high\" decoding=\"async\" width=\"1024\" height=\"403\" src=\"https:\/\/booking-santafe.digitalcards.cloud\/wp-content\/uploads\/2023\/01\/Impressum-1024x403.jpg\" class=\"attachment-large size-large wp-image-3391\" alt=\"\" srcset=\"https:\/\/booking-santafe.digitalcards.cloud\/wp-content\/uploads\/2023\/01\/Impressum-1024x403.jpg 1024w, https:\/\/booking-santafe.digitalcards.cloud\/wp-content\/uploads\/2023\/01\/Impressum-300x118.jpg 300w, https:\/\/booking-santafe.digitalcards.cloud\/wp-content\/uploads\/2023\/01\/Impressum-768x302.jpg 768w, https:\/\/booking-santafe.digitalcards.cloud\/wp-content\/uploads\/2023\/01\/Impressum-1536x604.jpg 1536w, https:\/\/booking-santafe.digitalcards.cloud\/wp-content\/uploads\/2023\/01\/Impressum.jpg 1674w\" sizes=\"(max-width: 1024px) 100vw, 1024px\" \/>\t\t\t\t\t\t\t\t\t\t\t\t\t\t\t<\/div>\n\t\t\t\t<\/div>\n\t\t\t\t\t<\/div>\n\t\t<\/div>\n\t\t\t\t\t<\/div>\n\t\t<\/section>\n\t\t\t\t<section class=\"elementor-section elementor-top-section elementor-element elementor-element-49f8db73 elementor-section-boxed elementor-section-height-default elementor-section-height-default\" data-id=\"49f8db73\" data-element_type=\"section\" data-e-type=\"section\">\n\t\t\t\t\t\t<div class=\"elementor-container elementor-column-gap-default\">\n\t\t\t\t\t<div class=\"elementor-column elementor-col-100 elementor-top-column elementor-element elementor-element-7b5cc2db\" data-id=\"7b5cc2db\" data-element_type=\"column\" data-e-type=\"column\">\n\t\t\t<div class=\"elementor-widget-wrap elementor-element-populated\">\n\t\t\t\t\t\t<section class=\"elementor-section elementor-inner-section elementor-element elementor-element-871457d elementor-section-boxed elementor-section-height-default elementor-section-height-default\" data-id=\"871457d\" data-element_type=\"section\" data-e-type=\"section\">\n\t\t\t\t\t\t<div class=\"elementor-container elementor-column-gap-default\">\n\t\t\t\t\t<div class=\"elementor-column elementor-col-50 elementor-inner-column elementor-element elementor-element-835eac3\" data-id=\"835eac3\" data-element_type=\"column\" data-e-type=\"column\">\n\t\t\t<div class=\"elementor-widget-wrap elementor-element-populated\">\n\t\t\t\t\t\t<div class=\"elementor-element elementor-element-9ac73e5 elementor-widget elementor-widget-heading\" data-id=\"9ac73e5\" data-element_type=\"widget\" data-e-type=\"widget\" data-widget_type=\"heading.default\">\n\t\t\t\t<div class=\"elementor-widget-container\">\n\t\t\t\t\t<h4 class=\"elementor-heading-title elementor-size-default\">Informazioni legali<br>Impressum\n<\/h4>\t\t\t\t<\/div>\n\t\t\t\t<\/div>\n\t\t\t\t<div class=\"elementor-element elementor-element-1b6d96a elementor-widget elementor-widget-heading\" data-id=\"1b6d96a\" data-element_type=\"widget\" data-e-type=\"widget\" data-widget_type=\"heading.default\">\n\t\t\t\t<div class=\"elementor-widget-container\">\n\t\t\t\t\t<h2 class=\"elementor-heading-title elementor-size-default\">\n\n\n\n\n\n\n\n\n\n\n\nAngaben gem\u00e4\u00df \u00a7 5 TMG:<br><br><b>\n\n\nResponsabile del contenuto::<\/b>\n Ristorante Pizzeria Santa F\u00e8 srl<br>\nLungomare della Repubblica 13 <br>\n47838 Riccione<br>\n<b>Telefono:<\/b> 0039 (0) 541207173<br>\n<b>E-mail:<\/b> santaferistorante@gmail.com\n\u200b<br>\n<b>Partita IVA: 04651890404 <br>\nRegistro delle imprese: \n\n:<\/b><br>\n<br>questo sito e stato realizato da Filippo Randazzo.\n\n<br><br>\n<strong>Grafik &amp; Webb\u00fcro\n<\/strong><strong>Randorder.de<\/strong><br>\nInhaber: Filippo Randazzo<br>\nMontessori Str. 17\n<br>71272 Renningen Germany\n<br><br>\n<b>Kontakt:\n<\/b><br>Mobil: 0176-236.496.91\n<br>E-Mail: info(at)randorder.e<\/span><\/h2>\t\t\t\t<\/div>\n\t\t\t\t<\/div>\n\t\t\t\t\t<\/div>\n\t\t<\/div>\n\t\t\t\t<div class=\"elementor-column elementor-col-50 elementor-inner-column elementor-element elementor-element-8a6da78\" data-id=\"8a6da78\" data-element_type=\"column\" data-e-type=\"column\">\n\t\t\t<div class=\"elementor-widget-wrap elementor-element-populated\">\n\t\t\t\t\t\t<div class=\"elementor-element elementor-element-e7c7a42 elementor-widget elementor-widget-image\" data-id=\"e7c7a42\" data-element_type=\"widget\" data-e-type=\"widget\" data-widget_type=\"image.default\">\n\t\t\t\t<div class=\"elementor-widget-container\">\n\t\t\t\t\t\t\t\t\t\t\t\t\t\t\t<img decoding=\"async\" width=\"872\" height=\"872\" src=\"https:\/\/booking-santafe.digitalcards.cloud\/wp-content\/uploads\/2023\/02\/shutterstock_216013879.jpg\" class=\"attachment-large size-large wp-image-4517\" alt=\"\" srcset=\"https:\/\/booking-santafe.digitalcards.cloud\/wp-content\/uploads\/2023\/02\/shutterstock_216013879.jpg 872w, https:\/\/booking-santafe.digitalcards.cloud\/wp-content\/uploads\/2023\/02\/shutterstock_216013879-300x300.jpg 300w, https:\/\/booking-santafe.digitalcards.cloud\/wp-content\/uploads\/2023\/02\/shutterstock_216013879-150x150.jpg 150w, https:\/\/booking-santafe.digitalcards.cloud\/wp-content\/uploads\/2023\/02\/shutterstock_216013879-768x768.jpg 768w, https:\/\/booking-santafe.digitalcards.cloud\/wp-content\/uploads\/2023\/02\/shutterstock_216013879-600x600.jpg 600w\" sizes=\"(max-width: 872px) 100vw, 872px\" \/>\t\t\t\t\t\t\t\t\t\t\t\t\t\t\t<\/div>\n\t\t\t\t<\/div>\n\t\t\t\t\t<\/div>\n\t\t<\/div>\n\t\t\t\t\t<\/div>\n\t\t<\/section>\n\t\t\t\t<div class=\"elementor-element elementor-element-4f575b2 elementor-widget elementor-widget-spacer\" data-id=\"4f575b2\" data-element_type=\"widget\" data-e-type=\"widget\" data-widget_type=\"spacer.default\">\n\t\t\t\t<div class=\"elementor-widget-container\">\n\t\t\t\t\t\t\t<div class=\"elementor-spacer\">\n\t\t\t<div class=\"elementor-spacer-inner\"><\/div>\n\t\t<\/div>\n\t\t\t\t\t\t<\/div>\n\t\t\t\t<\/div>\n\t\t\t\t<div class=\"elementor-element elementor-element-cd5c001 elementor-widget elementor-widget-text-editor\" data-id=\"cd5c001\" data-element_type=\"widget\" data-e-type=\"widget\" data-widget_type=\"text-editor.default\">\n\t\t\t\t<div class=\"elementor-widget-container\">\n\t\t\t\t\t\t\t\t\t<div class=\"et_pb_row et_pb_row_0\"><div class=\"et_pb_column et_pb_column_4_4 et_pb_column_0 et_pb_css_mix_blend_mode_passthrough et-last-child\"><div class=\"et_pb_module et_pb_text et_pb_text_0 et_pb_text_align_left et_pb_bg_layout_light\"><div class=\"et_pb_text_inner\"><p class=\"p2\">\u00a0<\/p><p class=\"p2\"><span class=\"s1\"><b>Diritto d&#8217;autore<\/b><\/span><\/p><p class=\"p2\"><span class=\"s1\">Tutti i contenuti di questo sito web, inclusi testi, immagini, grafica e altri materiali, sono di propriet\u00e0 di Randorder.de, salvo diversa indicazione. \u00c8 vietato riprodurre, distribuire, modificare o utilizzare in qualsiasi forma il contenuto di questo sito senza autorizzazione scritta.<\/span><\/p><p class=\"p2\"><span class=\"s1\"><b>Esclusione di responsabilit\u00e0<\/b><\/span><\/p><p class=\"p2\"><span class=\"s1\">Mediazione UE<\/span><\/p><p class=\"p2\"><span class=\"s1\">In conformit\u00e0 al Regolamento sull&#8217;Online Dispute Resolution (ODR) in materia di controversie dei consumatori, desideriamo informarvi sulla piattaforma di risoluzione delle controversie online (OS Platform).<\/span><\/p><p class=\"p2\"><span class=\"s1\">I consumatori hanno la possibilit\u00e0 di presentare reclami alla piattaforma di risoluzione delle controversie online della Commissione europea su <a href=\"http:\/\/ec.europa.eu\/odr?tid=121258888\">http:\/\/ec.europa.eu\/odr?tid=121258888<\/a>. Troverete i dati di contatto necessari nel nostro Impressum sopra.<\/span><\/p><p class=\"p2\"><span class=\"s1\">Tuttavia, desideriamo informarvi che non siamo n\u00e9 disposti n\u00e9 obbligati a partecipare a procedure di risoluzione delle controversie presso un&#8217;organizzazione di mediazione dei consumatori.<\/span><\/p><p class=\"p2\"><span class=\"s1\">Responsabilit\u00e0 per i contenuti di questo sito web<\/span><\/p><p class=\"p2\"><span class=\"s1\">Sviluppiamo costantemente i contenuti di questo sito web e ci sforziamo di fornire informazioni corrette e aggiornate. Purtroppo, non possiamo assumerci la responsabilit\u00e0 per la correttezza di tutti i contenuti di questo sito web, specialmente quelli forniti da terzi.<\/span><\/p><p class=\"p2\"><span class=\"s1\">Se notate contenuti problematici o illegali, vi preghiamo di contattarci immediatamente. Troverete i dati di contatto nell&#8217;Impressum.<\/span><\/p><p class=\"p2\"><span class=\"s1\">Responsabilit\u00e0 per i link su questo sito web<\/span><\/p><p class=\"p2\"><span class=\"s1\">Il nostro sito web contiene collegamenti ad altri siti web di cui non siamo responsabili per il contenuto. Secondo il \u00a7 17 ECG, non siamo responsabili per i siti web collegati, poich\u00e9 non eravamo a conoscenza di attivit\u00e0 illegali e non ci sono state segnalazioni di tali illegalit\u00e0 fino ad ora, e rimuoveremmo immediatamente i link se ci fossero noti comportamenti illegali.<\/span><\/p><p class=\"p2\"><span class=\"s1\">Se notate link illegali sul nostro sito web, vi preghiamo di contattarci. Troverete i dati di contatto nell&#8217;Impressum.<\/span><\/p><p class=\"p2\"><span class=\"s1\">Avviso di copyright<\/span><\/p><p class=\"p2\"><span class=\"s1\">Tutti i contenuti di questo sito web (immagini, foto, testi, video) sono protetti da copyright. Se necessario, perseguiremo legalmente l&#8217;uso non autorizzato di parti dei contenuti del nostro sito.<\/span><\/p><p class=\"p2\"><span class=\"s1\">Se trovate contenuti su questo sito web che violano il copyright, vi preghiamo di contattarci.<\/span><\/p><p class=\"p2\"><span class=\"s1\">I contenuti e i lavori creati dagli operatori del sito su queste pagine sono soggetti al diritto d&#8217;autore tedesco. La riproduzione, modifica, distribuzione e qualsiasi forma di sfruttamento al di fuori dei limiti del diritto d&#8217;autore richiedono il consenso scritto dell&#8217;autore o del creatore. I download e le copie di questa pagina sono consentiti solo per uso privato e non commerciale. Se i contenuti di questa pagina non sono stati creati dall&#8217;operatore, vengono rispettati i diritti d&#8217;autore di terzi. In particolare, i contenuti di terzi sono contrassegnati come tali. Se nonostante ci\u00f2 notate una violazione del copyright, vi preghiamo di segnalarcelo. In caso di violazione dei diritti d&#8217;autore, rimuoveremo immediatamente tali contenuti dopo essere stati informati.<\/span><\/p><p class=\"p2\"><span class=\"s1\">Attribuzione delle immagini<\/span><\/p><p class=\"p2\"><span class=\"s1\">Le immagini, le foto e le grafiche su questo sito web sono protette da copyright.<\/span><\/p><p class=\"p2\"><span class=\"s1\">I diritti delle immagini appartengono ai seguenti fotografi e aziende:<\/span><\/p><p class=\"p2\"><span class=\"s1\">cleanpng<\/span><\/p><p class=\"p2\"><span class=\"s1\">pixabay<\/span><\/p><p class=\"p2\"><span class=\"s1\">pexels<\/span><\/p><p class=\"p2\"><span class=\"s1\">Adobe stock<\/span><\/p><p class=\"p2\"><span class=\"s1\">Shutterstock<\/span><\/p><p class=\"p4\"><span class=\"s1\">File immagine esterni con il gentile consenso dei rispettivi detentori dei diritti.<\/span><\/p><\/div><\/div><\/div><\/div>\t\t\t\t\t\t\t\t<\/div>\n\t\t\t\t<\/div>\n\t\t\t\t<div class=\"elementor-element elementor-element-a75bf40 elementor-fixed e-transform e-transform e-transform e-transform elementor-hidden-tablet elementor-hidden-mobile elementor-invisible elementor-widget elementor-widget-image\" data-id=\"a75bf40\" data-element_type=\"widget\" data-e-type=\"widget\" data-settings=\"{&quot;_position&quot;:&quot;fixed&quot;,&quot;_animation&quot;:&quot;fadeIn&quot;,&quot;_transform_translateX_effect&quot;:{&quot;unit&quot;:&quot;px&quot;,&quot;size&quot;:-890,&quot;sizes&quot;:[]},&quot;_transform_translateY_effect&quot;:{&quot;unit&quot;:&quot;px&quot;,&quot;size&quot;:-280,&quot;sizes&quot;:[]},&quot;_transform_scale_effect&quot;:{&quot;unit&quot;:&quot;px&quot;,&quot;size&quot;:0.9,&quot;sizes&quot;:[]},&quot;_transform_skewX_effect&quot;:{&quot;unit&quot;:&quot;px&quot;,&quot;size&quot;:0,&quot;sizes&quot;:[]},&quot;_transform_rotateZ_effect&quot;:{&quot;unit&quot;:&quot;px&quot;,&quot;size&quot;:0,&quot;sizes&quot;:[]},&quot;_transform_rotateZ_effect_tablet&quot;:{&quot;unit&quot;:&quot;deg&quot;,&quot;size&quot;:&quot;&quot;,&quot;sizes&quot;:[]},&quot;_transform_rotateZ_effect_mobile&quot;:{&quot;unit&quot;:&quot;deg&quot;,&quot;size&quot;:&quot;&quot;,&quot;sizes&quot;:[]},&quot;_transform_translateX_effect_tablet&quot;:{&quot;unit&quot;:&quot;px&quot;,&quot;size&quot;:&quot;&quot;,&quot;sizes&quot;:[]},&quot;_transform_translateX_effect_mobile&quot;:{&quot;unit&quot;:&quot;px&quot;,&quot;size&quot;:&quot;&quot;,&quot;sizes&quot;:[]},&quot;_transform_translateY_effect_tablet&quot;:{&quot;unit&quot;:&quot;px&quot;,&quot;size&quot;:&quot;&quot;,&quot;sizes&quot;:[]},&quot;_transform_translateY_effect_mobile&quot;:{&quot;unit&quot;:&quot;px&quot;,&quot;size&quot;:&quot;&quot;,&quot;sizes&quot;:[]},&quot;_transform_scale_effect_tablet&quot;:{&quot;unit&quot;:&quot;px&quot;,&quot;size&quot;:&quot;&quot;,&quot;sizes&quot;:[]},&quot;_transform_scale_effect_mobile&quot;:{&quot;unit&quot;:&quot;px&quot;,&quot;size&quot;:&quot;&quot;,&quot;sizes&quot;:[]},&quot;_transform_skewX_effect_tablet&quot;:{&quot;unit&quot;:&quot;deg&quot;,&quot;size&quot;:&quot;&quot;,&quot;sizes&quot;:[]},&quot;_transform_skewX_effect_mobile&quot;:{&quot;unit&quot;:&quot;deg&quot;,&quot;size&quot;:&quot;&quot;,&quot;sizes&quot;:[]},&quot;_transform_skewY_effect&quot;:{&quot;unit&quot;:&quot;px&quot;,&quot;size&quot;:&quot;&quot;,&quot;sizes&quot;:[]},&quot;_transform_skewY_effect_tablet&quot;:{&quot;unit&quot;:&quot;deg&quot;,&quot;size&quot;:&quot;&quot;,&quot;sizes&quot;:[]},&quot;_transform_skewY_effect_mobile&quot;:{&quot;unit&quot;:&quot;deg&quot;,&quot;size&quot;:&quot;&quot;,&quot;sizes&quot;:[]}}\" data-widget_type=\"image.default\">\n\t\t\t\t<div class=\"elementor-widget-container\">\n\t\t\t\t\t\t\t\t\t\t\t\t\t\t\t<img decoding=\"async\" width=\"2093\" height=\"1820\" src=\"https:\/\/booking-santafe.digitalcards.cloud\/wp-content\/uploads\/2023\/01\/Pizzabaecker.png\" class=\"attachment-full size-full wp-image-3330\" alt=\"\" srcset=\"https:\/\/booking-santafe.digitalcards.cloud\/wp-content\/uploads\/2023\/01\/Pizzabaecker.png 2093w, https:\/\/booking-santafe.digitalcards.cloud\/wp-content\/uploads\/2023\/01\/Pizzabaecker-300x261.png 300w, https:\/\/booking-santafe.digitalcards.cloud\/wp-content\/uploads\/2023\/01\/Pizzabaecker-1024x890.png 1024w, https:\/\/booking-santafe.digitalcards.cloud\/wp-content\/uploads\/2023\/01\/Pizzabaecker-768x668.png 768w, https:\/\/booking-santafe.digitalcards.cloud\/wp-content\/uploads\/2023\/01\/Pizzabaecker-1536x1336.png 1536w, https:\/\/booking-santafe.digitalcards.cloud\/wp-content\/uploads\/2023\/01\/Pizzabaecker-2048x1781.png 2048w\" sizes=\"(max-width: 2093px) 100vw, 2093px\" \/>\t\t\t\t\t\t\t\t\t\t\t\t\t\t\t<\/div>\n\t\t\t\t<\/div>\n\t\t\t\t<div class=\"elementor-element elementor-element-13bceb2 elementor-widget elementor-widget-text-editor\" data-id=\"13bceb2\" data-element_type=\"widget\" data-e-type=\"widget\" data-widget_type=\"text-editor.default\">\n\t\t\t\t<div class=\"elementor-widget-container\">\n\t\t\t\t\t\t\t\t\t<p class=\"p1\"><span class=\"s1\"><b>AdobeStock:<\/b><br \/><\/span><span class=\"s1\">551808229, <\/span>550874507, 486963943, 479471471, 488826389<\/p><p><b>Shutterstock Lizenzen:<br \/><\/b>Stock-Vektorgrafik ID:<br \/>403677763, 2037296264, 1842538744, 1869715696, 1880793670, 1939377082, 1939376929, 1939376218, 1939213732, 1938416914, 1940915089, 1943779702, 1943780011, 1960367671, 1959889219, 1965355876, 1974757277, 1978747826, 1978747958, 1985017679, 1988102876, 1990445225, 1990445183, 1991261759, 1999002053, 2006288531, 2006289593, 2007133628, 2007133550, 2008209362, 2008789298, 2010248807, 2010650642, 2010650828, 2011586471, 2012651885, 2023606415, 2023692815, 2023692788, 2026254641, 2026844585, 2027291117, 2028998819, 2030681159, 2033174741, 2033174735, 2033225819, 2033225777, 2034874196, 2036083454, 2036840702, 2044772762, 2047248767, 2052456440, 2054850797, 2055013958, 2055622445, 2055622577, 2055308042, 2055687734, 2055825149, 2055785012, 2056364483, 2056601576, 2058179888, 2058313868, 2058553856, 2058553859, 2058597473, 2058618191, 2058885746, 2059549997, 2059549994, 2059733672, 2060216591, 2060109242, 2060217269, 2060403740, 2060698730, 2060785364, 2060926031, 2061353492, 2062153208, 2062567880, 2062990781, 2062567961, 2063966930, 2064021041, 2064197042, 2064277970, 2064278582, 2065847084, 2067523724, 2067524216, 2067590966, 2067843878, 2069078816, 2070872660, 2071203806, 2071038014, 2070874118, 2071203926, 2071273424, 1935209312, 2073497084, 2073642275, 2074471807, 2074498411, 2074548403, 2075808892, 2075808907, 2075808913, 2075808898, 2075828872, 2076363361, 2077071073, 2078179057, 2079483490, 2080383604, 2081343157, 2081343415, 2081375722, 2081480800, 2081480896, 2081490694, 2082126061, 2082171067, 2083228438, 2083838287, 2083838335, 2083887727, 2086419094, 1954994638, 2086454275, 2086484041, 2086484218, 2087327809, 2087275594, 2087339704, 2087358172, 1958951950, 1961019781, 2089677271, 1962268849, 2091070117, 2091088903, 2091088906, 2091089158, 2091088720, 2091101845, 2091101866, 2091101767, 2091101761, 1963336612, 2091113803, 2091122773, 2091122875, 2091122710, 2091122707, 2091324430, 2091629896, 2091332590, 2091681097, 2092690672, 2092692916, 2092786669, 2094183406, 2096420770, 2096420761, 2096425015, 2096420779, 2096429473, 2096429476, 2097549067, 2107590728, 2107591031, 2107590812, 2107590686, 2107721780, 2107752611, 2107752890, 2107807937, 2107808225, 2111780576, 2111812721, 2111812520, 2111878769, 2111878922, 2112040838, 2112040907, 2112313703, 2114939627, 2115399632, 2115400499, 2115433016, 2115433094, 2010248330, 2012652629, 2027353775, 1959000190, 2030680955, 1865819920, 1909512931, 2035452380, 2036038100, 2044772756, 2054941112, 2056230827, 2057816702, 2061402581, 2065969580, 2074522660, 2023606433, 2081366377, 2024919362, 2027291195, 2089677193, 2089663273, 2089909444, 2036083451, 1977208169, 2010311468, 2010650552, 1842537991, 1985485223, 2059047056, 2024919383, 2118449498, 2036546309, 2073642482, 2011682324, 1991691911, 2026195160, 2027353778, 2063966012, 2069221271, 2107591361, 1969520773, 2083142644, 2033691329, 1984202663, 1978748972, 2023693067, 2035420559, 2054897687, 2067523721, 2067892727, 1991843549, 2186518055, 519478768, 1744305473, 297213278, 2082566431, 2098642090, 1940914975, 1956319591, 1958364133, 1967109049, 1968263797, 1977208580, 1984203326, 1987089308, 1988761667, 1989701699, 1990445117, 1997564561, 1997564690, 2010311333, 1839240703, 2016106760, 1847464069, 2025246899, 2025246902, 2026195010, 2035420568, 2036840822, 2037535817, 2037596309, 2038227038, 2038227041, 2039775824, 2039845019, 2044488146, 2058179885, 2061402653, 2062553339, 2062990682, 1920087350, 2069179214, 2081480797, 2092851379, 2093735206, 2111812562, 1999976681, 2000183594, 2081480995, 2096429500, 2108299292, 1567751488, 572377249, 305025161, 2214795989, 1913051644, 2120094620, 1026192508, 127132286, 644618545, 1667101474, 1994166650, 1994167853, 1994166689, 1994167718, 434924578, 1688097547, 709627195, 1983945458, 623694164, 411233422, 774276244, 150090719, 1007498134, 149728808, 189492734, 1660500481, 490740547, 190903391, 2053681655, <span class=\"s1\">751038571, 113189323, 728646730, <\/span><span class=\"s2\">1855638832<\/span>, 127461131, 123666853, 697684231, 1359380276, 1610688997, 427049326, 2099498383, 345857792, 1565116648, 166693304, 1096044341, 547044013, 1564027819, 1741421315, 2223955897, 113721796, 216013879, <span class=\"s1\">2091589471, <\/span>398590579, 768938350, 494864797, 54996859, 534674203, 655068985, 132513458, 666184447, 470998538, 1516568177, 1103481548, 1077771782, 732092011, 729939451, 707279500, 670025932, 609881564, 522256684, 448847272, 445448368, 341396999, 178139912, 1419678521, 111146954, 140843824, 1216575280, 132513458, 219342688, 398590579, 781401994, 276150941, 449578963, 1050192452, 137999276, 651912238, 789831214<\/p>\t\t\t\t\t\t\t\t<\/div>\n\t\t\t\t<\/div>\n\t\t\t\t\t<\/div>\n\t\t<\/div>\n\t\t\t\t\t<\/div>\n\t\t<\/section>\n\t\t\t\t<\/div>","protected":false},"excerpt":{"rendered":"<p>Informazioni legaliImpressum Angaben gem\u00e4\u00df \u00a7 5 TMG: Responsabile del contenuto:: Ristorante Pizzeria Santa F\u00e8 srl Lungomare della Repubblica 13 47838 Riccione Telefono: 0039 (0) 541207173 E-mail: santaferistorante@gmail.com \u200b Partita IVA: 04651890404 Registro delle imprese: : questo sito e stato realizato da Filippo Randazzo. Grafik &amp; Webb\u00fcro Randorder.de Inhaber: Filippo Randazzo Montessori Str. 17 71272 Renningen [&hellip;]<\/p>\n","protected":false},"author":1,"featured_media":0,"parent":0,"menu_order":0,"comment_status":"closed","ping_status":"closed","template":"elementor_header_footer","meta":{"ocean_post_layout":"","ocean_both_sidebars_style":"","ocean_both_sidebars_content_width":0,"ocean_both_sidebars_sidebars_width":0,"ocean_sidebar":"0","ocean_second_sidebar":"0","ocean_disable_margins":"enable","ocean_add_body_class":"","ocean_shortcode_before_top_bar":"","ocean_shortcode_after_top_bar":"","ocean_shortcode_before_header":"","ocean_shortcode_after_header":"","ocean_has_shortcode":"","ocean_shortcode_after_title":"","ocean_shortcode_before_footer_widgets":"","ocean_shortcode_after_footer_widgets":"","ocean_shortcode_before_footer_bottom":"","ocean_shortcode_after_footer_bottom":"","ocean_display_top_bar":"default","ocean_display_header":"off","ocean_header_style":"","ocean_center_header_left_menu":"0","ocean_custom_header_template":"0","ocean_custom_logo":0,"ocean_custom_retina_logo":0,"ocean_custom_logo_max_width":0,"ocean_custom_logo_tablet_max_width":0,"ocean_custom_logo_mobile_max_width":0,"ocean_custom_logo_max_height":0,"ocean_custom_logo_tablet_max_height":0,"ocean_custom_logo_mobile_max_height":0,"ocean_header_custom_menu":"0","ocean_menu_typo_font_family":"0","ocean_menu_typo_font_subset":"","ocean_menu_typo_font_size":0,"ocean_menu_typo_font_size_tablet":0,"ocean_menu_typo_font_size_mobile":0,"ocean_menu_typo_font_size_unit":"px","ocean_menu_typo_font_weight":"","ocean_menu_typo_font_weight_tablet":"","ocean_menu_typo_font_weight_mobile":"","ocean_menu_typo_transform":"","ocean_menu_typo_transform_tablet":"","ocean_menu_typo_transform_mobile":"","ocean_menu_typo_line_height":0,"ocean_menu_typo_line_height_tablet":0,"ocean_menu_typo_line_height_mobile":0,"ocean_menu_typo_line_height_unit":"","ocean_menu_typo_spacing":0,"ocean_menu_typo_spacing_tablet":0,"ocean_menu_typo_spacing_mobile":0,"ocean_menu_typo_spacing_unit":"","ocean_menu_link_color":"","ocean_menu_link_color_hover":"","ocean_menu_link_color_active":"","ocean_menu_link_background":"","ocean_menu_link_hover_background":"","ocean_menu_link_active_background":"","ocean_menu_social_links_bg":"","ocean_menu_social_hover_links_bg":"","ocean_menu_social_links_color":"","ocean_menu_social_hover_links_color":"","ocean_disable_title":"on","ocean_disable_heading":"default","ocean_post_title":"","ocean_post_subheading":"","ocean_post_title_style":"","ocean_post_title_background_color":"","ocean_post_title_background":0,"ocean_post_title_bg_image_position":"","ocean_post_title_bg_image_attachment":"","ocean_post_title_bg_image_repeat":"","ocean_post_title_bg_image_size":"","ocean_post_title_height":0,"ocean_post_title_bg_overlay":0.5,"ocean_post_title_bg_overlay_color":"","ocean_disable_breadcrumbs":"default","ocean_breadcrumbs_color":"","ocean_breadcrumbs_separator_color":"","ocean_breadcrumbs_links_color":"","ocean_breadcrumbs_links_hover_color":"","ocean_display_footer_widgets":"default","ocean_display_footer_bottom":"default","ocean_custom_footer_template":"0","footnotes":""},"class_list":["post-2532","page","type-page","status-publish","hentry","entry"],"_links":{"self":[{"href":"https:\/\/booking-santafe.digitalcards.cloud\/it\/wp-json\/wp\/v2\/pages\/2532","targetHints":{"allow":["GET"]}}],"collection":[{"href":"https:\/\/booking-santafe.digitalcards.cloud\/it\/wp-json\/wp\/v2\/pages"}],"about":[{"href":"https:\/\/booking-santafe.digitalcards.cloud\/it\/wp-json\/wp\/v2\/types\/page"}],"author":[{"embeddable":true,"href":"https:\/\/booking-santafe.digitalcards.cloud\/it\/wp-json\/wp\/v2\/users\/1"}],"replies":[{"embeddable":true,"href":"https:\/\/booking-santafe.digitalcards.cloud\/it\/wp-json\/wp\/v2\/comments?post=2532"}],"version-history":[{"count":214,"href":"https:\/\/booking-santafe.digitalcards.cloud\/it\/wp-json\/wp\/v2\/pages\/2532\/revisions"}],"predecessor-version":[{"id":9300,"href":"https:\/\/booking-santafe.digitalcards.cloud\/it\/wp-json\/wp\/v2\/pages\/2532\/revisions\/9300"}],"wp:attachment":[{"href":"https:\/\/booking-santafe.digitalcards.cloud\/it\/wp-json\/wp\/v2\/media?parent=2532"}],"curies":[{"name":"wp","href":"https:\/\/api.w.org\/{rel}","templated":true}]}}